{"id":2590,"date":"2013-10-21T12:39:03","date_gmt":"2013-10-21T12:39:03","guid":{"rendered":"http:\/\/www.kriesi.at\/themes\/enfold\/?page_id=2590"},"modified":"2013-10-21T12:39:03","modified_gmt":"2013-10-21T12:39:03","slug":"masonry-blog","status":"publish","type":"page","link":"https:\/\/globalsystemservice.hu\/en\/blog\/masonry-blog\/","title":{"rendered":"Masonry Blog"},"content":{"rendered":"<div id='av-masonry-1' class='av-masonry av-av_masonry_entries-1705abefa2f65af084adcef1d68d1437 noHover av-fixed-size av-1px-gap av-hover-overlay-active av-masonry-animation-active av-masonry-col-automatic av-caption-always av-caption-style- av-masonry-entries' data-post_id=\"2590\"><div class='av-masonry-sort main_color av-sort-yes' data-masonry-id='1' ><div class='av-sort-by-term' data-av-allowed-sort='[\"frontpage-article_sort\",\"images_sort\",\"news_sort\",\"palyazatok_sort\",\"personal_sort\",\"uncategorized_sort\"]' ><a href=\"#\" data-filter=\"all_sort\" class=\"all_sort_button active_sort\"><span class=\"inner_sort_button\"><span>All<\/span><small class=\"avia-term-count\"> 10 <\/small><\/span><\/a><span class='text-sep frontpage-article_sort_sep avia_hide_sort'>\/<\/span><a href=\"#\" data-filter=\"frontpage-article_sort\" class=\"frontpage-article_sort_button avia_hide_sort\" ><span class=\"inner_sort_button\"><span>Frontpage Article<\/span><small class='avia-term-count'> 0 <\/small><\/span><\/a><span class='text-sep images_sort_sep avia_hide_sort'>\/<\/span><a href=\"#\" data-filter=\"images_sort\" class=\"images_sort_button avia_hide_sort\" ><span class=\"inner_sort_button\"><span>Images<\/span><small class='avia-term-count'> 0 <\/small><\/span><\/a><span class='text-sep news_sort_sep avia_show_sort'>\/<\/span><a href=\"#\" data-filter=\"news_sort\" class=\"news_sort_button avia_show_sort\" ><span class=\"inner_sort_button\"><span>News<\/span><small class='avia-term-count'> 3 <\/small><\/span><\/a><span class='text-sep palyazatok_sort_sep avia_show_sort'>\/<\/span><a href=\"#\" data-filter=\"palyazatok_sort\" class=\"palyazatok_sort_button avia_show_sort\" ><span class=\"inner_sort_button\"><span>Approved Projects<\/span><small class='avia-term-count'> 4 <\/small><\/span><\/a><span class='text-sep personal_sort_sep avia_show_sort'>\/<\/span><a href=\"#\" data-filter=\"personal_sort\" class=\"personal_sort_button avia_show_sort\" ><span class=\"inner_sort_button\"><span>Personal<\/span><small class='avia-term-count'> 1 <\/small><\/span><\/a><span class='text-sep uncategorized_sort_sep avia_show_sort'>\/<\/span><a href=\"#\" data-filter=\"uncategorized_sort\" class=\"uncategorized_sort_button avia_show_sort\" ><span class=\"inner_sort_button\"><span>Uncategorized<\/span><small class='avia-term-count'> 3 <\/small><\/span><\/a><\/div><\/div><div class=\"av-masonry-container isotope av-js-disabled\"><div class='av-masonry-entry isotope-item av-masonry-item-no-image all_sort uncategorized_sort  palyazatok_sort  news_sort  personal_sort'><\/div><a href=\"https:\/\/globalsystemservice.hu\/en\/hello-world\/\"  id='av-masonry-1-item-1' data-av-masonry-item='1' class='av-masonry-entry isotope-item post-1 post type-post status-publish format-standard hentry category-uncategorized all_sort uncategorized_sort  av-masonry-item-no-image' title=\"Hello world!\"   itemscope=\"itemscope\" itemtype=\"https:\/\/schema.org\/CreativeWork\" ><div class='av-inner-masonry-sizer'><\/div><figure class='av-inner-masonry main_color'><figcaption class='av-inner-masonry-content site-background'><div class='av-inner-masonry-content-pos'><div class='av-inner-masonry-content-pos-content'><div class='avia-arrow'><\/div><h3 class='av-masonry-entry-title entry-title'  itemprop=\"headline\" >Hello world!<\/h3><div class='av-masonry-entry-content entry-content'  itemprop=\"text\" >Welcome to WordPress. This is your first post. Edit or delete\u2026<\/div><span class='av-masonry-date meta-color updated'>May 30, 2025<\/span><span class=\"av-masonry-text-sep text-sep-author\">\/<\/span><span class='av-masonry-author meta-color author'><span class='fn'>by teramed<\/span><\/span><\/div><\/div><\/figcaption><\/figure><\/a><!--end av-masonry entry--><a href=\"https:\/\/globalsystemservice.hu\/en\/ginop-1-2-16-22-2023-03488\/\"  id='av-masonry-1-item-3678' data-av-masonry-item='3678' class='av-masonry-entry isotope-item post-3678 post type-post status-publish format-standard has-post-thumbnail hentry category-palyazatok all_sort palyazatok_sort  av-masonry-item-with-image av-grid-img' title=\"MFF-kedvezm\u00e9nyezetti-inf\u00f3blokk-1\"   itemscope=\"itemscope\" itemtype=\"https:\/\/schema.org\/CreativeWork\" ><div class='av-inner-masonry-sizer'><\/div><figure class='av-inner-masonry main_color'><div class=\"av-masonry-outerimage-container\"><div class='av-masonry-image-container' style=\"background-image: url(https:\/\/globalsystemservice.hu\/wp-content\/uploads\/2025\/06\/MFF-kedvezmenyezetti-infoblokk-1-705x182.jpg);\"  title=\"MFF-kedvezm\u00e9nyezetti-inf\u00f3blokk-1\" ><\/div><\/div><figcaption class='av-inner-masonry-content site-background'><div class='av-inner-masonry-content-pos'><div class='av-inner-masonry-content-pos-content'><div class='avia-arrow'><\/div><h3 class='av-masonry-entry-title entry-title'  itemprop=\"headline\" >GINOP-1.2.16-22-2023-03488<\/h3><span class='av-masonry-date meta-color updated'>March 23, 2024<\/span><span class=\"av-masonry-text-sep text-sep-author\">\/<\/span><span class='av-masonry-author meta-color author'><span class='fn'>by teramed<\/span><\/span><\/div><\/div><\/figcaption><\/figure><\/a><!--end av-masonry entry--><a href=\"https:\/\/globalsystemservice.hu\/en\/ginop-plusz-2-1-1-21-2022-00065\/\"  id='av-masonry-1-item-3672' data-av-masonry-item='3672' class='av-masonry-entry isotope-item post-3672 post type-post status-publish format-standard has-post-thumbnail hentry category-palyazatok all_sort palyazatok_sort  av-masonry-item-with-image av-grid-img' title=\"MFF-kedvezm\u00e9nyezetti-inf\u00f3blokk-1\"   itemscope=\"itemscope\" itemtype=\"https:\/\/schema.org\/CreativeWork\" ><div class='av-inner-masonry-sizer'><\/div><figure class='av-inner-masonry main_color'><div class=\"av-masonry-outerimage-container\"><div class='av-masonry-image-container' style=\"background-image: url(https:\/\/globalsystemservice.hu\/wp-content\/uploads\/2025\/06\/MFF-kedvezmenyezetti-infoblokk-1-705x182.jpg);\"  title=\"MFF-kedvezm\u00e9nyezetti-inf\u00f3blokk-1\" ><\/div><\/div><figcaption class='av-inner-masonry-content site-background'><div class='av-inner-masonry-content-pos'><div class='av-inner-masonry-content-pos-content'><div class='avia-arrow'><\/div><h3 class='av-masonry-entry-title entry-title'  itemprop=\"headline\" >GINOP PLUSZ-2.1.1-21-2022-00065<\/h3><span class='av-masonry-date meta-color updated'>August 24, 2023<\/span><span class=\"av-masonry-text-sep text-sep-author\">\/<\/span><span class='av-masonry-author meta-color author'><span class='fn'>by teramed<\/span><\/span><\/div><\/div><\/figcaption><\/figure><\/a><!--end av-masonry entry--><a href=\"https:\/\/globalsystemservice.hu\/en\/adatvedelmi-tajekoztato\/\"  id='av-masonry-1-item-3766' data-av-masonry-item='3766' class='av-masonry-entry isotope-item post-3766 post type-post status-publish format-standard hentry category-uncategorized all_sort uncategorized_sort  av-masonry-item-no-image' title=\"Adatv\u00e9delmi t\u00e1j\u00e9koztat\u00f3\"   itemscope=\"itemscope\" itemtype=\"https:\/\/schema.org\/CreativeWork\" ><div class='av-inner-masonry-sizer'><\/div><figure class='av-inner-masonry main_color'><figcaption class='av-inner-masonry-content site-background'><div class='av-inner-masonry-content-pos'><div class='av-inner-masonry-content-pos-content'><div class='avia-arrow'><\/div><h3 class='av-masonry-entry-title entry-title'  itemprop=\"headline\" >Adatv\u00e9delmi t\u00e1j\u00e9koztat\u00f3<\/h3><span class='av-masonry-date meta-color updated'>June 5, 2023<\/span><span class=\"av-masonry-text-sep text-sep-author\">\/<\/span><span class='av-masonry-author meta-color author'><span class='fn'>by teramed<\/span><\/span><\/div><\/div><\/figcaption><\/figure><\/a><!--end av-masonry entry--><a href=\"https:\/\/globalsystemservice.hu\/en\/eselyegyenlosegi-nyilatkozat\/\"  id='av-masonry-1-item-3754' data-av-masonry-item='3754' class='av-masonry-entry isotope-item post-3754 post type-post status-publish format-standard hentry category-uncategorized all_sort uncategorized_sort  av-masonry-item-no-image' title=\"Equal Opportunity Statement\"   itemscope=\"itemscope\" itemtype=\"https:\/\/schema.org\/CreativeWork\" ><div class='av-inner-masonry-sizer'><\/div><figure class='av-inner-masonry main_color'><figcaption class='av-inner-masonry-content site-background'><div class='av-inner-masonry-content-pos'><div class='av-inner-masonry-content-pos-content'><div class='avia-arrow'><\/div><h3 class='av-masonry-entry-title entry-title'  itemprop=\"headline\" >Equal Opportunity Statement<\/h3><span class='av-masonry-date meta-color updated'>March 17, 2023<\/span><span class=\"av-masonry-text-sep text-sep-author\">\/<\/span><span class='av-masonry-author meta-color author'><span class='fn'>by teramed<\/span><\/span><\/div><\/div><\/figcaption><\/figure><\/a><!--end av-masonry entry--><a href=\"https:\/\/globalsystemservice.hu\/en\/2020-1-1-1-kkv-start-2020-00067\/\"  id='av-masonry-1-item-3693' data-av-masonry-item='3693' class='av-masonry-entry isotope-item post-3693 post type-post status-publish format-standard has-post-thumbnail hentry category-palyazatok all_sort palyazatok_sort  av-masonry-item-with-image av-grid-img' title=\"Print\"   itemscope=\"itemscope\" itemtype=\"https:\/\/schema.org\/CreativeWork\" ><div class='av-inner-masonry-sizer'><\/div><figure class='av-inner-masonry main_color'><div class=\"av-masonry-outerimage-container\"><div class='av-masonry-image-container' style=\"background-image: url(https:\/\/globalsystemservice.hu\/wp-content\/uploads\/2025\/06\/NKFIA_infoblokk_projekt_fekvo_2019_HU-300x70-1.jpg);\"  title=\"Print\" ><\/div><\/div><figcaption class='av-inner-masonry-content site-background'><div class='av-inner-masonry-content-pos'><div class='av-inner-masonry-content-pos-content'><div class='avia-arrow'><\/div><h3 class='av-masonry-entry-title entry-title'  itemprop=\"headline\" >2020-1.1.1-KKV-START-2020-00067<\/h3><span class='av-masonry-date meta-color updated'>February 11, 2022<\/span><span class=\"av-masonry-text-sep text-sep-author\">\/<\/span><span class='av-masonry-author meta-color author'><span class='fn'>by teramed<\/span><\/span><\/div><\/div><\/figcaption><\/figure><\/a><!--end av-masonry entry--><a href=\"https:\/\/globalsystemservice.hu\/en\/ginop-1-2-8-20-2020-01321\/\"  id='av-masonry-1-item-3682' data-av-masonry-item='3682' class='av-masonry-entry isotope-item post-3682 post type-post status-publish format-standard has-post-thumbnail hentry category-palyazatok all_sort palyazatok_sort  av-masonry-item-with-image av-grid-img' title=\"ERFA_page_infloblokk\"   itemscope=\"itemscope\" itemtype=\"https:\/\/schema.org\/CreativeWork\" ><div class='av-inner-masonry-sizer'><\/div><figure class='av-inner-masonry main_color'><div class=\"av-masonry-outerimage-container\"><div class='av-masonry-image-container' style=\"background-image: url(https:\/\/globalsystemservice.hu\/wp-content\/uploads\/2025\/06\/ERFA_page_infloblokk-705x294.jpg);\"  title=\"ERFA_page_infloblokk\" ><\/div><\/div><figcaption class='av-inner-masonry-content site-background'><div class='av-inner-masonry-content-pos'><div class='av-inner-masonry-content-pos-content'><div class='avia-arrow'><\/div><h3 class='av-masonry-entry-title entry-title'  itemprop=\"headline\" >GINOP-1.2.8-20-2020-01321<\/h3><span class='av-masonry-date meta-color updated'>May 12, 2021<\/span><span class=\"av-masonry-text-sep text-sep-author\">\/<\/span><span class='av-masonry-author meta-color author'><span class='fn'>by teramed<\/span><\/span><\/div><\/div><\/figcaption><\/figure><\/a><!--end av-masonry entry--><a href=\"https:\/\/globalsystemservice.hu\/en\/a-nice-entry\/\"  id='av-masonry-1-item-3335' data-av-masonry-item='3335' class='av-masonry-entry isotope-item post-3335 post type-post status-publish format-standard has-post-thumbnail hentry category-news tag-food tag-fun all_sort news_sort  av-masonry-item-with-image av-grid-img' title=\"winter-girl-small\"   itemscope=\"itemscope\" itemtype=\"https:\/\/schema.org\/CreativeWork\" ><div class='av-inner-masonry-sizer'><\/div><figure class='av-inner-masonry main_color'><div class=\"av-masonry-outerimage-container\"><div class='av-masonry-image-container' style=\"background-image: url(https:\/\/globalsystemservice.hu\/wp-content\/uploads\/2015\/03\/winter-girl-small-705x443.jpg);\"  title=\"winter-girl-small\" ><\/div><\/div><figcaption class='av-inner-masonry-content site-background'><div class='av-inner-masonry-content-pos'><div class='av-inner-masonry-content-pos-content'><div class='avia-arrow'><\/div><h3 class='av-masonry-entry-title entry-title'  itemprop=\"headline\" >A nice entry<\/h3><div class='av-masonry-entry-content entry-content'  itemprop=\"text\" >Lorem ipsum dolor sit amet, consectetuer adipiscing elit. Aenean\u2026<\/div><span class='av-masonry-date meta-color updated'>August 24, 2014<\/span><span class=\"av-masonry-text-sep text-sep-author\">\/<\/span><span class='av-masonry-author meta-color author'><span class='fn'>by teramed<\/span><\/span><\/div><\/div><\/figcaption><\/figure><\/a><!--end av-masonry entry--><a href=\"https:\/\/globalsystemservice.hu\/en\/entry-with-audio\/\"  id='av-masonry-1-item-3332' data-av-masonry-item='3332' class='av-masonry-entry isotope-item post-3332 post type-post status-publish format-audio has-post-thumbnail hentry category-news category-personal tag-food tag-fun post_format-post-format-audio all_sort news_sort  personal_sort  av-masonry-item-no-image' title=\"Entry with Audio\"   itemscope=\"itemscope\" itemtype=\"https:\/\/schema.org\/CreativeWork\" ><div class='av-inner-masonry-sizer'><\/div><figure class='av-inner-masonry main_color'><figcaption class='av-inner-masonry-content site-background'><div class='av-inner-masonry-content-pos'><div class='av-inner-masonry-content-pos-content'><div class='avia-arrow'><\/div><span class='av-icon-display av-masonry-media avia-svg-icon avia-font-svg_entypo-fontello' data-av_svg_icon='note-beamed' data-av_iconset='svg_entypo-fontello'><svg version=\"1.1\" xmlns=\"http:\/\/www.w3.org\/2000\/svg\" width=\"24\" height=\"32\" viewbox=\"0 0 24 32\" preserveaspectratio=\"xMidYMid meet\" role=\"graphics-symbol\" aria-hidden=\"true\">\n<path d=\"M6.592 4.352l17.088-3.712v22.528q0.064 1.344-0.96 2.592t-2.752 1.888q-2.048 0.768-3.52 0.256t-1.984-2.048q-0.576-1.536 0.224-3.104t2.72-2.336q1.664-0.64 3.392-0.32v-12.032l-11.328 2.624v15.68q0 1.344-1.024 2.592t-2.752 1.888q-2.048 0.704-3.488 0.224t-1.952-2.016q-0.576-1.536 0.192-3.104t2.688-2.336q1.728-0.64 3.456-0.32v-18.944z\"><\/path>\n<\/svg><\/span><h3 class='av-masonry-entry-title entry-title'  itemprop=\"headline\" >Entry with Audio<\/h3><div class='av-masonry-entry-content entry-content'  itemprop=\"text\" >Lorem ipsum dolor sit amet, consectetuer adipiscing elit. Aenean\u2026<\/div><span class='av-masonry-date meta-color updated'>May 11, 2014<\/span><span class=\"av-masonry-text-sep text-sep-author\">\/<\/span><span class='av-masonry-author meta-color author'><span class='fn'>by teramed<\/span><\/span><\/div><\/div><\/figcaption><\/figure><\/a><!--end av-masonry entry--><a href=\"https:\/\/globalsystemservice.hu\/en\/entry-without-preview-image\/\"  id='av-masonry-1-item-3331' data-av-masonry-item='3331' class='av-masonry-entry isotope-item post-3331 post type-post status-publish format-standard hentry category-news tag-food tag-fun all_sort news_sort  av-masonry-item-no-image' title=\"Entry without preview image\"   itemscope=\"itemscope\" itemtype=\"https:\/\/schema.org\/CreativeWork\" ><div class='av-inner-masonry-sizer'><\/div><figure class='av-inner-masonry main_color'><figcaption class='av-inner-masonry-content site-background'><div class='av-inner-masonry-content-pos'><div class='av-inner-masonry-content-pos-content'><div class='avia-arrow'><\/div><h3 class='av-masonry-entry-title entry-title'  itemprop=\"headline\" >Entry without preview image<\/h3><div class='av-masonry-entry-content entry-content'  itemprop=\"text\" >Lorem ipsum dolor sit amet, consectetuer adipiscing elit. Aenean\u2026<\/div><span class='av-masonry-date meta-color updated'>February 12, 2014<\/span><span class=\"av-masonry-text-sep text-sep-author\">\/<\/span><span class='av-masonry-author meta-color author'><span class='fn'>by teramed<\/span><\/span><\/div><\/div><\/figcaption><\/figure><\/a><!--end av-masonry entry--><\/div><a class='av-masonry-pagination av-masonry-load-more' href='#load-more'  data-link='category'  data-term_rel='IN'  data-wc_prod_visible=''  data-wc_prod_hidden=''  data-wc_prod_featured=''  data-wc_prod_sale=''  data-prod_order_by=''  data-prod_order=''  data-date_filter=''  data-date_filter_start=''  data-date_filter_end=''  data-date_filter_format='yy\/mm\/dd'  data-period_filter_unit_1=''  data-period_filter_unit_2=''  data-page_element_filter=''  data-sort='yes'  data-query_orderby='date'  data-query_order='DESC'  data-caption_elements='title excerpt'  data-caption_styling=''  data-caption_display='always'  data-img_copyright=''  data-size='fixed manually'  data-orientation=''  data-image_size='masonry'  data-gap='1px'  data-columns='automatic'  data-av-desktop-columns=''  data-av-medium-columns=''  data-av-small-columns=''  data-av-mini-columns=''  data-items='10'  data-paginate='load_more'  data-color=''  data-custom_bg=''  data-img_copyright_font=''  data-av-desktop-font-img_copyright_font=''  data-av-medium-font-img_copyright_font=''  data-av-small-font-img_copyright_font=''  data-av-mini-font-img_copyright_font=''  data-img_copyright_color=''  data-img_copyright_bg=''  data-animation='active'  data-animation_duration=''  data-animation_custom_bg_color=''  data-animation_custom_bg_color_multi_list=''  data-animation_z_index_curtain='100'  data-overlay_fx='active'  data-img_scrset=''  data-lazy_loading='disabled'  data-av-desktop-hide=''  data-av-medium-hide=''  data-av-small-hide=''  data-av-mini-hide=''  data-alb_description=''  data-id=''  data-custom_class=''  data-template_class=''  data-av_uid=''  data-sc_version='1.0'  data-ids=''  data-action=''  data-post_type='post, page, attachment, revision, nav_menu_item, custom_css, customize_changeset, oembed_cache, user_request, wp_block, wp_template, wp_template_part, wp_global_styles, wp_navigation, wp_font_family, wp_font_face, product, product_variation, shop_order, shop_order_refund, shop_coupon, shop_order_placehold, alb_custom_layout, avia_framework_post, feedback, wpa-stats, language_switcher, patterns_ai_data, portfolio, jp_mem_plan, memberships_coupon, memberships_gift, jp_pay_order, jp_pay_product'  data-offset='0'  data-container_links='active'  data-link_dest=''  data-lightbox_text=''  data-container_class='av-masonry-entries'  data-auto_ratio='1.7'  data-set_breadcrumb='1'  data-custom_markup=''  data-taxonomy='category'  data-categories='17,18,19,67,36,1'  data-avno='49ade41f3e'>Load more<\/a><\/div>","protected":false},"excerpt":{"rendered":"","protected":false},"author":1,"featured_media":0,"parent":731,"menu_order":0,"comment_status":"open","ping_status":"open","template":"","meta":{"footnotes":""},"class_list":["post-2590","page","type-page","status-publish","hentry"],"jetpack_sharing_enabled":true,"_links":{"self":[{"href":"https:\/\/globalsystemservice.hu\/en\/wp-json\/wp\/v2\/pages\/2590","targetHints":{"allow":["GET"]}}],"collection":[{"href":"https:\/\/globalsystemservice.hu\/en\/wp-json\/wp\/v2\/pages"}],"about":[{"href":"https:\/\/globalsystemservice.hu\/en\/wp-json\/wp\/v2\/types\/page"}],"author":[{"embeddable":true,"href":"https:\/\/globalsystemservice.hu\/en\/wp-json\/wp\/v2\/users\/1"}],"replies":[{"embeddable":true,"href":"https:\/\/globalsystemservice.hu\/en\/wp-json\/wp\/v2\/comments?post=2590"}],"version-history":[{"count":0,"href":"https:\/\/globalsystemservice.hu\/en\/wp-json\/wp\/v2\/pages\/2590\/revisions"}],"up":[{"embeddable":true,"href":"https:\/\/globalsystemservice.hu\/en\/wp-json\/wp\/v2\/pages\/731"}],"wp:attachment":[{"href":"https:\/\/globalsystemservice.hu\/en\/wp-json\/wp\/v2\/media?parent=2590"}],"curies":[{"name":"wp","href":"https:\/\/api.w.org\/{rel}","templated":true}]}}