{"id":1336,"date":"2013-04-07T21:13:52","date_gmt":"2013-04-07T21:13:52","guid":{"rendered":"http:\/\/www.kriesi.at\/themes\/enfold\/?page_id=1336"},"modified":"2013-04-07T21:13:52","modified_gmt":"2013-04-07T21:13:52","slug":"blog-grid","status":"publish","type":"page","link":"https:\/\/globalsystemservice.hu\/en\/blog\/blog-grid\/","title":{"rendered":"Blog Grid"},"content":{"rendered":"<div  data-slideshow-options=\"{&quot;animation&quot;:&quot;fade&quot;,&quot;autoplay&quot;:false,&quot;loop_autoplay&quot;:&quot;once&quot;,&quot;interval&quot;:5,&quot;loop_manual&quot;:&quot;manual-endless&quot;,&quot;autoplay_stopper&quot;:false,&quot;noNavigation&quot;:false,&quot;show_slide_delay&quot;:90}\" class='avia-content-slider avia-content-grid-active avia-content-slider1 avia-content-slider-odd  avia-builder-el-0  avia-builder-el-no-sibling  av-slideshow-ui av-control-default   av-no-slider-navigation av-slideshow-manual av-loop-once av-loop-manual-endless'  itemscope=\"itemscope\" itemtype=\"https:\/\/schema.org\/Blog\" ><div class=\"avia-content-slider-inner\"><div class=\"slide-entry-wrap\"><article class='slide-entry flex_column  post-entry post-entry-1 slide-entry-overview slide-loop-1 slide-parity-odd  av_one_third first fake-thumbnail posttype-post post-format-standard'  itemscope=\"itemscope\" itemtype=\"https:\/\/schema.org\/CreativeWork\" ><a href='https:\/\/globalsystemservice.hu\/en\/hello-world\/' data-rel='slide-1' class='slide-image' title='Hello world!'><span class='fallback-post-type-icon avia-svg-icon avia-font-svg_entypo-fontello' data-av_svg_icon='pencil' data-av_iconset='svg_entypo-fontello'><svg version=\"1.1\" xmlns=\"http:\/\/www.w3.org\/2000\/svg\" width=\"25\" height=\"32\" viewbox=\"0 0 25 32\" preserveaspectratio=\"xMidYMid meet\" role=\"graphics-symbol\" aria-hidden=\"true\">\n<path d=\"M22.976 5.44q1.024 1.024 1.504 2.048t0.48 1.536v0.512l-8.064 8.064-9.28 9.216-7.616 1.664 1.6-7.68 9.28-9.216 8.064-8.064q1.728-0.384 4.032 1.92zM7.168 25.92l0.768-0.768q-0.064-1.408-1.664-3.008-0.704-0.704-1.44-1.12t-1.12-0.416l-0.448-0.064-0.704 0.768-0.576 2.56q0.896 0.512 1.472 1.088 0.768 0.768 1.152 1.536z\"><\/path>\n<\/svg><\/span><span class='slider-fallback-image'><img decoding=\"async\" fetchpriority=\"high\" width=\"300\" height=\"70\" src=\"https:\/\/globalsystemservice.hu\/wp-content\/uploads\/2025\/06\/NKFIA_infoblokk_projekt_fekvo_2019_HU-300x70-1.jpg\" class=\"wp-image-3696 avia-img-lazy-loading-not-3696 attachment-portfolio size-portfolio wp-post-image\" alt=\"\" srcset=\"https:\/\/globalsystemservice.hu\/wp-content\/uploads\/2025\/06\/NKFIA_infoblokk_projekt_fekvo_2019_HU-300x70-1.jpg 300w, https:\/\/globalsystemservice.hu\/wp-content\/uploads\/2025\/06\/NKFIA_infoblokk_projekt_fekvo_2019_HU-300x70-1-18x4.jpg 18w\" sizes=\"(max-width: 300px) 100vw, 300px\" \/><\/span><\/a><div class=\"slide-content\"><header class=\"entry-content-header\" aria-label=\"Slide: Hello world!\"><h3 class='slide-entry-title entry-title'  itemprop=\"headline\" ><a href='https:\/\/globalsystemservice.hu\/en\/hello-world\/' title='Hello world!'>Hello world!<\/a><\/h3><span class=\"av-vertical-delimiter\"><\/span><\/header><div class=\"slide-meta\"><time class='slide-meta-time updated'  itemprop=\"datePublished\" datetime=\"2025-05-30T18:25:38+00:00\" >May 30, 2025<\/time><div class=\"slide-meta-del\">\/<\/div><div class=\"slide-meta-comments\"><a href='https:\/\/globalsystemservice.hu\/en\/hello-world\/#comments'>1 Comment<\/a><\/div><\/div><div class='slide-entry-excerpt entry-content'  itemprop=\"text\" >\nWelcome to WordPress. This is your first post. Edit or delete\u2026<\/div><\/div><footer class=\"entry-footer\"><\/footer><span class='hidden'>\n\t\t\t\t<span class='av-structured-data'  itemprop=\"image\" itemscope=\"itemscope\" itemtype=\"https:\/\/schema.org\/ImageObject\" >\n\t\t\t\t\t\t<span itemprop='url'>http:\/\/globalsystemservice.hu\/wp-content\/uploads\/2025\/06\/logo00-300x82.png<\/span>\n\t\t\t\t\t\t<span itemprop='height'>0<\/span>\n\t\t\t\t\t\t<span itemprop='width'>0<\/span>\n\t\t\t\t<\/span>\n\t\t\t\t<span class='av-structured-data'  itemprop=\"publisher\" itemtype=\"https:\/\/schema.org\/Organization\" itemscope=\"itemscope\" >\n\t\t\t\t\t\t<span itemprop='name'>teramed<\/span>\n\t\t\t\t\t\t<span itemprop='logo' itemscope itemtype='https:\/\/schema.org\/ImageObject'>\n\t\t\t\t\t\t\t<span itemprop='url'>http:\/\/globalsystemservice.hu\/wp-content\/uploads\/2025\/06\/logo00-300x82.png<\/span>\n\t\t\t\t\t\t<\/span>\n\t\t\t\t<\/span><span class='av-structured-data'  itemprop=\"author\" itemscope=\"itemscope\" itemtype=\"https:\/\/schema.org\/Person\" ><span itemprop='name'>teramed<\/span><\/span><span class='av-structured-data'  itemprop=\"datePublished\" datetime=\"2013-04-07T21:13:52+00:00\" >2025-05-30 18:25:38<\/span><span class='av-structured-data'  itemprop=\"dateModified\" itemtype=\"https:\/\/schema.org\/dateModified\" >2025-05-30 18:25:38<\/span><span class='av-structured-data'  itemprop=\"mainEntityOfPage\" itemtype=\"https:\/\/schema.org\/mainEntityOfPage\" ><span itemprop='name'>Hello world!<\/span><\/span><\/span><\/article><article class='slide-entry flex_column  post-entry post-entry-3678 slide-entry-overview slide-loop-2 slide-parity-even  av_one_third  real-thumbnail posttype-post post-format-standard'  itemscope=\"itemscope\" itemtype=\"https:\/\/schema.org\/CreativeWork\" ><a href='https:\/\/globalsystemservice.hu\/en\/ginop-1-2-16-22-2023-03488\/' data-rel='slide-1' class='slide-image' title='GINOP-1.2.16-22-2023-03488'><img decoding=\"async\" fetchpriority=\"high\" width=\"495\" height=\"373\" src=\"https:\/\/globalsystemservice.hu\/wp-content\/uploads\/2025\/06\/MFF-kedvezmenyezetti-infoblokk-1-495x373.jpg\" class=\"wp-image-3670 avia-img-lazy-loading-not-3670 attachment-portfolio size-portfolio wp-post-image\" alt=\"\" \/><\/a><div class=\"slide-content\"><header class=\"entry-content-header\" aria-label=\"Slide: GINOP-1.2.16-22-2023-03488\"><h3 class='slide-entry-title entry-title'  itemprop=\"headline\" ><a href='https:\/\/globalsystemservice.hu\/en\/ginop-1-2-16-22-2023-03488\/' title='GINOP-1.2.16-22-2023-03488'>GINOP-1.2.16-22-2023-03488<\/a><\/h3><span class=\"av-vertical-delimiter\"><\/span><\/header><div class=\"slide-meta\"><time class='slide-meta-time updated'  itemprop=\"datePublished\" datetime=\"2024-03-23T15:48:27+00:00\" >March 23, 2024<\/time><div class=\"slide-meta-del\">\/<\/div><div class=\"slide-meta-comments\"><a href='https:\/\/globalsystemservice.hu\/en\/ginop-1-2-16-22-2023-03488\/#respond'>0 Comments<\/a><\/div><\/div><div class='slide-entry-excerpt entry-content'  itemprop=\"text\" >\n\n<\/div><\/div><footer class=\"entry-footer\"><\/footer><span class='hidden'>\n\t\t\t\t<span class='av-structured-data'  itemprop=\"image\" itemscope=\"itemscope\" itemtype=\"https:\/\/schema.org\/ImageObject\" >\n\t\t\t\t\t\t<span itemprop='url'>https:\/\/globalsystemservice.hu\/wp-content\/uploads\/2025\/06\/MFF-kedvezmenyezetti-infoblokk-1.jpg<\/span>\n\t\t\t\t\t\t<span itemprop='height'>373<\/span>\n\t\t\t\t\t\t<span itemprop='width'>1441<\/span>\n\t\t\t\t<\/span>\n\t\t\t\t<span class='av-structured-data'  itemprop=\"publisher\" itemtype=\"https:\/\/schema.org\/Organization\" itemscope=\"itemscope\" >\n\t\t\t\t\t\t<span itemprop='name'>teramed<\/span>\n\t\t\t\t\t\t<span itemprop='logo' itemscope itemtype='https:\/\/schema.org\/ImageObject'>\n\t\t\t\t\t\t\t<span itemprop='url'>http:\/\/globalsystemservice.hu\/wp-content\/uploads\/2025\/06\/logo00-300x82.png<\/span>\n\t\t\t\t\t\t<\/span>\n\t\t\t\t<\/span><span class='av-structured-data'  itemprop=\"author\" itemscope=\"itemscope\" itemtype=\"https:\/\/schema.org\/Person\" ><span itemprop='name'>teramed<\/span><\/span><span class='av-structured-data'  itemprop=\"datePublished\" datetime=\"2013-04-07T21:13:52+00:00\" >2024-03-23 15:48:27<\/span><span class='av-structured-data'  itemprop=\"dateModified\" itemtype=\"https:\/\/schema.org\/dateModified\" >2025-06-05 02:14:16<\/span><span class='av-structured-data'  itemprop=\"mainEntityOfPage\" itemtype=\"https:\/\/schema.org\/mainEntityOfPage\" ><span itemprop='name'>GINOP-1.2.16-22-2023-03488<\/span><\/span><\/span><\/article><article class='slide-entry flex_column  post-entry post-entry-3672 slide-entry-overview slide-loop-3 slide-parity-odd  av_one_third  real-thumbnail posttype-post post-format-standard'  itemscope=\"itemscope\" itemtype=\"https:\/\/schema.org\/CreativeWork\" ><a href='https:\/\/globalsystemservice.hu\/en\/ginop-plusz-2-1-1-21-2022-00065\/' data-rel='slide-1' class='slide-image' title='GINOP PLUSZ-2.1.1-21-2022-00065'><img decoding=\"async\" fetchpriority=\"high\" width=\"495\" height=\"373\" src=\"https:\/\/globalsystemservice.hu\/wp-content\/uploads\/2025\/06\/MFF-kedvezmenyezetti-infoblokk-1-495x373.jpg\" class=\"wp-image-3670 avia-img-lazy-loading-not-3670 attachment-portfolio size-portfolio wp-post-image\" alt=\"\" \/><\/a><div class=\"slide-content\"><header class=\"entry-content-header\" aria-label=\"Slide: GINOP PLUSZ-2.1.1-21-2022-00065\"><h3 class='slide-entry-title entry-title'  itemprop=\"headline\" ><a href='https:\/\/globalsystemservice.hu\/en\/ginop-plusz-2-1-1-21-2022-00065\/' title='GINOP PLUSZ-2.1.1-21-2022-00065'>GINOP PLUSZ-2.1.1-21-2022-00065<\/a><\/h3><span class=\"av-vertical-delimiter\"><\/span><\/header><div class=\"slide-meta\"><time class='slide-meta-time updated'  itemprop=\"datePublished\" datetime=\"2023-08-24T16:39:04+00:00\" >August 24, 2023<\/time><div class=\"slide-meta-del\">\/<\/div><div class=\"slide-meta-comments\"><a href='https:\/\/globalsystemservice.hu\/en\/ginop-plusz-2-1-1-21-2022-00065\/#respond'>0 Comments<\/a><\/div><\/div><div class='slide-entry-excerpt entry-content'  itemprop=\"text\" >\n\n<\/div><\/div><footer class=\"entry-footer\"><\/footer><span class='hidden'>\n\t\t\t\t<span class='av-structured-data'  itemprop=\"image\" itemscope=\"itemscope\" itemtype=\"https:\/\/schema.org\/ImageObject\" >\n\t\t\t\t\t\t<span itemprop='url'>https:\/\/globalsystemservice.hu\/wp-content\/uploads\/2025\/06\/MFF-kedvezmenyezetti-infoblokk-1.jpg<\/span>\n\t\t\t\t\t\t<span itemprop='height'>373<\/span>\n\t\t\t\t\t\t<span itemprop='width'>1441<\/span>\n\t\t\t\t<\/span>\n\t\t\t\t<span class='av-structured-data'  itemprop=\"publisher\" itemtype=\"https:\/\/schema.org\/Organization\" itemscope=\"itemscope\" >\n\t\t\t\t\t\t<span itemprop='name'>teramed<\/span>\n\t\t\t\t\t\t<span itemprop='logo' itemscope itemtype='https:\/\/schema.org\/ImageObject'>\n\t\t\t\t\t\t\t<span itemprop='url'>http:\/\/globalsystemservice.hu\/wp-content\/uploads\/2025\/06\/logo00-300x82.png<\/span>\n\t\t\t\t\t\t<\/span>\n\t\t\t\t<\/span><span class='av-structured-data'  itemprop=\"author\" itemscope=\"itemscope\" itemtype=\"https:\/\/schema.org\/Person\" ><span itemprop='name'>teramed<\/span><\/span><span class='av-structured-data'  itemprop=\"datePublished\" datetime=\"2013-04-07T21:13:52+00:00\" >2023-08-24 16:39:04<\/span><span class='av-structured-data'  itemprop=\"dateModified\" itemtype=\"https:\/\/schema.org\/dateModified\" >2025-06-05 08:13:23<\/span><span class='av-structured-data'  itemprop=\"mainEntityOfPage\" itemtype=\"https:\/\/schema.org\/mainEntityOfPage\" ><span itemprop='name'>GINOP PLUSZ-2.1.1-21-2022-00065<\/span><\/span><\/span><\/article><\/div><div class=\"slide-entry-wrap\"><article class='slide-entry flex_column  post-entry post-entry-3766 slide-entry-overview slide-loop-4 slide-parity-odd  av_one_third first fake-thumbnail posttype-post post-format-standard'  itemscope=\"itemscope\" itemtype=\"https:\/\/schema.org\/CreativeWork\" ><a href='https:\/\/globalsystemservice.hu\/en\/adatvedelmi-tajekoztato\/' data-rel='slide-1' class='slide-image' title='Adatv\u00e9delmi t\u00e1j\u00e9koztat\u00f3'><span class='fallback-post-type-icon avia-svg-icon avia-font-svg_entypo-fontello' data-av_svg_icon='pencil' data-av_iconset='svg_entypo-fontello'><svg version=\"1.1\" xmlns=\"http:\/\/www.w3.org\/2000\/svg\" width=\"25\" height=\"32\" viewbox=\"0 0 25 32\" preserveaspectratio=\"xMidYMid meet\" role=\"graphics-symbol\" aria-hidden=\"true\">\n<path d=\"M22.976 5.44q1.024 1.024 1.504 2.048t0.48 1.536v0.512l-8.064 8.064-9.28 9.216-7.616 1.664 1.6-7.68 9.28-9.216 8.064-8.064q1.728-0.384 4.032 1.92zM7.168 25.92l0.768-0.768q-0.064-1.408-1.664-3.008-0.704-0.704-1.44-1.12t-1.12-0.416l-0.448-0.064-0.704 0.768-0.576 2.56q0.896 0.512 1.472 1.088 0.768 0.768 1.152 1.536z\"><\/path>\n<\/svg><\/span><span class='slider-fallback-image'><img decoding=\"async\" fetchpriority=\"high\" width=\"300\" height=\"70\" src=\"https:\/\/globalsystemservice.hu\/wp-content\/uploads\/2025\/06\/NKFIA_infoblokk_projekt_fekvo_2019_HU-300x70-1.jpg\" class=\"wp-image-3696 avia-img-lazy-loading-not-3696 attachment-portfolio size-portfolio wp-post-image\" alt=\"\" srcset=\"https:\/\/globalsystemservice.hu\/wp-content\/uploads\/2025\/06\/NKFIA_infoblokk_projekt_fekvo_2019_HU-300x70-1.jpg 300w, https:\/\/globalsystemservice.hu\/wp-content\/uploads\/2025\/06\/NKFIA_infoblokk_projekt_fekvo_2019_HU-300x70-1-18x4.jpg 18w\" sizes=\"(max-width: 300px) 100vw, 300px\" \/><\/span><\/a><div class=\"slide-content\"><header class=\"entry-content-header\" aria-label=\"Slide: Adatv\u00e9delmi t\u00e1j\u00e9koztat\u00f3\"><h3 class='slide-entry-title entry-title'  itemprop=\"headline\" ><a href='https:\/\/globalsystemservice.hu\/en\/adatvedelmi-tajekoztato\/' title='Adatv\u00e9delmi t\u00e1j\u00e9koztat\u00f3'>Adatv\u00e9delmi t\u00e1j\u00e9koztat\u00f3<\/a><\/h3><span class=\"av-vertical-delimiter\"><\/span><\/header><div class=\"slide-meta\"><time class='slide-meta-time updated'  itemprop=\"datePublished\" datetime=\"2023-06-05T15:06:00+00:00\" >June 5, 2023<\/time><div class=\"slide-meta-del\">\/<\/div><div class=\"slide-meta-comments\"><a href='https:\/\/globalsystemservice.hu\/en\/adatvedelmi-tajekoztato\/#respond'>0 Comments<\/a><\/div><\/div><div class='slide-entry-excerpt entry-content'  itemprop=\"text\" >\n\n<\/div><\/div><footer class=\"entry-footer\"><\/footer><span class='hidden'>\n\t\t\t\t<span class='av-structured-data'  itemprop=\"image\" itemscope=\"itemscope\" itemtype=\"https:\/\/schema.org\/ImageObject\" >\n\t\t\t\t\t\t<span itemprop='url'>http:\/\/globalsystemservice.hu\/wp-content\/uploads\/2025\/06\/logo00-300x82.png<\/span>\n\t\t\t\t\t\t<span itemprop='height'>0<\/span>\n\t\t\t\t\t\t<span itemprop='width'>0<\/span>\n\t\t\t\t<\/span>\n\t\t\t\t<span class='av-structured-data'  itemprop=\"publisher\" itemtype=\"https:\/\/schema.org\/Organization\" itemscope=\"itemscope\" >\n\t\t\t\t\t\t<span itemprop='name'>teramed<\/span>\n\t\t\t\t\t\t<span itemprop='logo' itemscope itemtype='https:\/\/schema.org\/ImageObject'>\n\t\t\t\t\t\t\t<span itemprop='url'>http:\/\/globalsystemservice.hu\/wp-content\/uploads\/2025\/06\/logo00-300x82.png<\/span>\n\t\t\t\t\t\t<\/span>\n\t\t\t\t<\/span><span class='av-structured-data'  itemprop=\"author\" itemscope=\"itemscope\" itemtype=\"https:\/\/schema.org\/Person\" ><span itemprop='name'>teramed<\/span><\/span><span class='av-structured-data'  itemprop=\"datePublished\" datetime=\"2013-04-07T21:13:52+00:00\" >2023-06-05 15:06:00<\/span><span class='av-structured-data'  itemprop=\"dateModified\" itemtype=\"https:\/\/schema.org\/dateModified\" >2025-06-05 15:08:17<\/span><span class='av-structured-data'  itemprop=\"mainEntityOfPage\" itemtype=\"https:\/\/schema.org\/mainEntityOfPage\" ><span itemprop='name'>Adatv\u00e9delmi t\u00e1j\u00e9koztat\u00f3<\/span><\/span><\/span><\/article><article class='slide-entry flex_column  post-entry post-entry-3754 slide-entry-overview slide-loop-5 slide-parity-even  av_one_third  fake-thumbnail posttype-post post-format-standard'  itemscope=\"itemscope\" itemtype=\"https:\/\/schema.org\/CreativeWork\" ><a href='https:\/\/globalsystemservice.hu\/en\/eselyegyenlosegi-nyilatkozat\/' data-rel='slide-1' class='slide-image' title='Equal Opportunity Statement'><span class='fallback-post-type-icon avia-svg-icon avia-font-svg_entypo-fontello' data-av_svg_icon='pencil' data-av_iconset='svg_entypo-fontello'><svg version=\"1.1\" xmlns=\"http:\/\/www.w3.org\/2000\/svg\" width=\"25\" height=\"32\" viewbox=\"0 0 25 32\" preserveaspectratio=\"xMidYMid meet\" role=\"graphics-symbol\" aria-hidden=\"true\">\n<path d=\"M22.976 5.44q1.024 1.024 1.504 2.048t0.48 1.536v0.512l-8.064 8.064-9.28 9.216-7.616 1.664 1.6-7.68 9.28-9.216 8.064-8.064q1.728-0.384 4.032 1.92zM7.168 25.92l0.768-0.768q-0.064-1.408-1.664-3.008-0.704-0.704-1.44-1.12t-1.12-0.416l-0.448-0.064-0.704 0.768-0.576 2.56q0.896 0.512 1.472 1.088 0.768 0.768 1.152 1.536z\"><\/path>\n<\/svg><\/span><span class='slider-fallback-image'><img decoding=\"async\" fetchpriority=\"high\" width=\"300\" height=\"70\" src=\"https:\/\/globalsystemservice.hu\/wp-content\/uploads\/2025\/06\/NKFIA_infoblokk_projekt_fekvo_2019_HU-300x70-1.jpg\" class=\"wp-image-3696 avia-img-lazy-loading-not-3696 attachment-portfolio size-portfolio wp-post-image\" alt=\"\" srcset=\"https:\/\/globalsystemservice.hu\/wp-content\/uploads\/2025\/06\/NKFIA_infoblokk_projekt_fekvo_2019_HU-300x70-1.jpg 300w, https:\/\/globalsystemservice.hu\/wp-content\/uploads\/2025\/06\/NKFIA_infoblokk_projekt_fekvo_2019_HU-300x70-1-18x4.jpg 18w\" sizes=\"(max-width: 300px) 100vw, 300px\" \/><\/span><\/a><div class=\"slide-content\"><header class=\"entry-content-header\" aria-label=\"Slide: Es\u00e9lyegyenl\u0151s\u00e9gi nyilatkozat\"><h3 class='slide-entry-title entry-title'  itemprop=\"headline\" ><a href='https:\/\/globalsystemservice.hu\/en\/eselyegyenlosegi-nyilatkozat\/' title='Equal Opportunity Statement'>Equal Opportunity Statement<\/a><\/h3><span class=\"av-vertical-delimiter\"><\/span><\/header><div class=\"slide-meta\"><time class='slide-meta-time updated'  itemprop=\"datePublished\" datetime=\"2023-03-17T08:24:00+00:00\" >March 17, 2023<\/time><div class=\"slide-meta-del\">\/<\/div><div class=\"slide-meta-comments\"><a href='https:\/\/globalsystemservice.hu\/en\/eselyegyenlosegi-nyilatkozat\/#respond'>0 Comments<\/a><\/div><\/div><div class='slide-entry-excerpt entry-content'  itemprop=\"text\" >\n\n<\/div><\/div><footer class=\"entry-footer\"><\/footer><span class='hidden'>\n\t\t\t\t<span class='av-structured-data'  itemprop=\"image\" itemscope=\"itemscope\" itemtype=\"https:\/\/schema.org\/ImageObject\" >\n\t\t\t\t\t\t<span itemprop='url'>http:\/\/globalsystemservice.hu\/wp-content\/uploads\/2025\/06\/logo00-300x82.png<\/span>\n\t\t\t\t\t\t<span itemprop='height'>0<\/span>\n\t\t\t\t\t\t<span itemprop='width'>0<\/span>\n\t\t\t\t<\/span>\n\t\t\t\t<span class='av-structured-data'  itemprop=\"publisher\" itemtype=\"https:\/\/schema.org\/Organization\" itemscope=\"itemscope\" >\n\t\t\t\t\t\t<span itemprop='name'>teramed<\/span>\n\t\t\t\t\t\t<span itemprop='logo' itemscope itemtype='https:\/\/schema.org\/ImageObject'>\n\t\t\t\t\t\t\t<span itemprop='url'>http:\/\/globalsystemservice.hu\/wp-content\/uploads\/2025\/06\/logo00-300x82.png<\/span>\n\t\t\t\t\t\t<\/span>\n\t\t\t\t<\/span><span class='av-structured-data'  itemprop=\"author\" itemscope=\"itemscope\" itemtype=\"https:\/\/schema.org\/Person\" ><span itemprop='name'>teramed<\/span><\/span><span class='av-structured-data'  itemprop=\"datePublished\" datetime=\"2013-04-07T21:13:52+00:00\" >2023-03-17 08:24:00<\/span><span class='av-structured-data'  itemprop=\"dateModified\" itemtype=\"https:\/\/schema.org\/dateModified\" >2025-06-05 15:09:13<\/span><span class='av-structured-data'  itemprop=\"mainEntityOfPage\" itemtype=\"https:\/\/schema.org\/mainEntityOfPage\" ><span itemprop='name'>Equal Opportunity Statement<\/span><\/span><\/span><\/article><article class='slide-entry flex_column  post-entry post-entry-3693 slide-entry-overview slide-loop-6 slide-parity-odd  post-entry-last  av_one_third  real-thumbnail posttype-post post-format-standard'  itemscope=\"itemscope\" itemtype=\"https:\/\/schema.org\/CreativeWork\" ><a href='https:\/\/globalsystemservice.hu\/en\/2020-1-1-1-kkv-start-2020-00067\/' data-rel='slide-1' class='slide-image' title='2020-1.1.1-KKV-START-2020-00067'><img decoding=\"async\" fetchpriority=\"high\" width=\"300\" height=\"70\" src=\"https:\/\/globalsystemservice.hu\/wp-content\/uploads\/2025\/06\/NKFIA_infoblokk_projekt_fekvo_2019_HU-300x70-1.jpg\" class=\"wp-image-3696 avia-img-lazy-loading-not-3696 attachment-portfolio size-portfolio wp-post-image\" alt=\"\" srcset=\"https:\/\/globalsystemservice.hu\/wp-content\/uploads\/2025\/06\/NKFIA_infoblokk_projekt_fekvo_2019_HU-300x70-1.jpg 300w, https:\/\/globalsystemservice.hu\/wp-content\/uploads\/2025\/06\/NKFIA_infoblokk_projekt_fekvo_2019_HU-300x70-1-18x4.jpg 18w\" sizes=\"(max-width: 300px) 100vw, 300px\" \/><\/a><div class=\"slide-content\"><header class=\"entry-content-header\" aria-label=\"Slide: 2020-1.1.1-KKV-START-2020-00067\"><h3 class='slide-entry-title entry-title'  itemprop=\"headline\" ><a href='https:\/\/globalsystemservice.hu\/en\/2020-1-1-1-kkv-start-2020-00067\/' title='2020-1.1.1-KKV-START-2020-00067'>2020-1.1.1-KKV-START-2020-00067<\/a><\/h3><span class=\"av-vertical-delimiter\"><\/span><\/header><div class=\"slide-meta\"><time class='slide-meta-time updated'  itemprop=\"datePublished\" datetime=\"2022-02-11T13:05:59+00:00\" >February 11, 2022<\/time><div class=\"slide-meta-del\">\/<\/div><div class=\"slide-meta-comments\"><a href='https:\/\/globalsystemservice.hu\/en\/2020-1-1-1-kkv-start-2020-00067\/#respond'>0 Comments<\/a><\/div><\/div><div class='slide-entry-excerpt entry-content'  itemprop=\"text\" >\n\n<\/div><\/div><footer class=\"entry-footer\"><\/footer><span class='hidden'>\n\t\t\t\t<span class='av-structured-data'  itemprop=\"image\" itemscope=\"itemscope\" itemtype=\"https:\/\/schema.org\/ImageObject\" >\n\t\t\t\t\t\t<span itemprop='url'>https:\/\/globalsystemservice.hu\/wp-content\/uploads\/2025\/06\/NKFIA_infoblokk_projekt_fekvo_2019_HU-300x70-1.jpg<\/span>\n\t\t\t\t\t\t<span itemprop='height'>70<\/span>\n\t\t\t\t\t\t<span itemprop='width'>300<\/span>\n\t\t\t\t<\/span>\n\t\t\t\t<span class='av-structured-data'  itemprop=\"publisher\" itemtype=\"https:\/\/schema.org\/Organization\" itemscope=\"itemscope\" >\n\t\t\t\t\t\t<span itemprop='name'>teramed<\/span>\n\t\t\t\t\t\t<span itemprop='logo' itemscope itemtype='https:\/\/schema.org\/ImageObject'>\n\t\t\t\t\t\t\t<span itemprop='url'>http:\/\/globalsystemservice.hu\/wp-content\/uploads\/2025\/06\/logo00-300x82.png<\/span>\n\t\t\t\t\t\t<\/span>\n\t\t\t\t<\/span><span class='av-structured-data'  itemprop=\"author\" itemscope=\"itemscope\" itemtype=\"https:\/\/schema.org\/Person\" ><span itemprop='name'>teramed<\/span><\/span><span class='av-structured-data'  itemprop=\"datePublished\" datetime=\"2013-04-07T21:13:52+00:00\" >2022-02-11 13:05:59<\/span><span class='av-structured-data'  itemprop=\"dateModified\" itemtype=\"https:\/\/schema.org\/dateModified\" >2025-06-05 02:15:43<\/span><span class='av-structured-data'  itemprop=\"mainEntityOfPage\" itemtype=\"https:\/\/schema.org\/mainEntityOfPage\" ><span itemprop='name'>2020-1.1.1-KKV-START-2020-00067<\/span><\/span><\/span><\/article><\/div><\/div><div class='pagination-wrap pagination-slider'><nav class='pagination'><span class='pagination-meta'>Page 1 of 4<\/span><span class='current'>1<\/span><a href='https:\/\/globalsystemservice.hu\/en\/wp-json\/wp\/v2\/pages\/1336\/?avia-element-paging=2' class='inactive next_page' >2<\/a><a href='https:\/\/globalsystemservice.hu\/en\/wp-json\/wp\/v2\/pages\/1336\/?avia-element-paging=3' class='inactive' >3<\/a><a href='https:\/\/globalsystemservice.hu\/en\/wp-json\/wp\/v2\/pages\/1336\/?avia-element-paging=4' class='inactive' >4<\/a><\/nav>\n<\/div><\/div>","protected":false},"excerpt":{"rendered":"","protected":false},"author":1,"featured_media":0,"parent":731,"menu_order":0,"comment_status":"open","ping_status":"open","template":"","meta":{"footnotes":""},"class_list":["post-1336","page","type-page","status-publish","hentry"],"jetpack_sharing_enabled":true,"_links":{"self":[{"href":"https:\/\/globalsystemservice.hu\/en\/wp-json\/wp\/v2\/pages\/1336","targetHints":{"allow":["GET"]}}],"collection":[{"href":"https:\/\/globalsystemservice.hu\/en\/wp-json\/wp\/v2\/pages"}],"about":[{"href":"https:\/\/globalsystemservice.hu\/en\/wp-json\/wp\/v2\/types\/page"}],"author":[{"embeddable":true,"href":"https:\/\/globalsystemservice.hu\/en\/wp-json\/wp\/v2\/users\/1"}],"replies":[{"embeddable":true,"href":"https:\/\/globalsystemservice.hu\/en\/wp-json\/wp\/v2\/comments?post=1336"}],"version-history":[{"count":0,"href":"https:\/\/globalsystemservice.hu\/en\/wp-json\/wp\/v2\/pages\/1336\/revisions"}],"up":[{"embeddable":true,"href":"https:\/\/globalsystemservice.hu\/en\/wp-json\/wp\/v2\/pages\/731"}],"wp:attachment":[{"href":"https:\/\/globalsystemservice.hu\/en\/wp-json\/wp\/v2\/media?parent=1336"}],"curies":[{"name":"wp","href":"https:\/\/api.w.org\/{rel}","templated":true}]}}