{"id":1016,"date":"2013-04-03T16:07:49","date_gmt":"2013-04-03T16:07:49","guid":{"rendered":"http:\/\/www.kriesi.at\/themes\/enfold\/?page_id=1016"},"modified":"2013-04-03T16:07:49","modified_gmt":"2013-04-03T16:07:49","slug":"blog-single-author-full","status":"publish","type":"page","link":"https:\/\/globalsystemservice.hu\/en\/blog\/blog-single-author-full\/","title":{"rendered":"Blog Single Author Fullwidth"},"content":{"rendered":"<div  class='av-alb-blogposts template-blog  av-blog-meta-author-disabled av-blog-meta-comments-disabled av-blog-meta-category-disabled av-blog-meta-date-disabled av-blog-meta-html-info-disabled av-blog-meta-tag-disabled'  itemscope=\"itemscope\" itemtype=\"https:\/\/schema.org\/Blog\" ><article class=\"post-entry post-entry-type-standard post-entry-1 post-loop-1 post-parity-odd single-big  post-1 post type-post status-publish format-standard hentry category-uncategorized\"  itemscope=\"itemscope\" itemtype=\"https:\/\/schema.org\/BlogPosting\" ><div class=\"blog-meta\"><\/div><div class='entry-content-wrapper clearfix standard-content'><header class=\"entry-content-header\" aria-label=\"Post: Hello world!\"><h2 class='post-title entry-title'  itemprop=\"headline\" ><a href=\"https:\/\/globalsystemservice.hu\/en\/hello-world\/\" rel=\"bookmark\" title=\"Permanent Link: Hello world!\">Hello world!<span class=\"post-format-icon minor-meta\"><\/span><\/a><\/h2><span class=\"post-meta-infos\"><\/span><\/header><div class=\"entry-content\"  itemprop=\"text\" ><p>Welcome to WordPress. This is your first post. Edit or delete it, then start writing!<\/p><\/div><footer class=\"entry-footer\"><\/footer><div class='post_delimiter'><\/div><\/div><div class=\"post_author_timeline\"><\/div><span class='hidden'>\n\t\t\t\t<span class='av-structured-data'  itemprop=\"image\" itemscope=\"itemscope\" itemtype=\"https:\/\/schema.org\/ImageObject\" >\n\t\t\t\t\t\t<span itemprop='url'>http:\/\/globalsystemservice.hu\/wp-content\/uploads\/2025\/06\/logo00-300x82.png<\/span>\n\t\t\t\t\t\t<span itemprop='height'>0<\/span>\n\t\t\t\t\t\t<span itemprop='width'>0<\/span>\n\t\t\t\t<\/span>\n\t\t\t\t<span class='av-structured-data'  itemprop=\"publisher\" itemtype=\"https:\/\/schema.org\/Organization\" itemscope=\"itemscope\" >\n\t\t\t\t\t\t<span itemprop='name'>teramed<\/span>\n\t\t\t\t\t\t<span itemprop='logo' itemscope itemtype='https:\/\/schema.org\/ImageObject'>\n\t\t\t\t\t\t\t<span itemprop='url'>http:\/\/globalsystemservice.hu\/wp-content\/uploads\/2025\/06\/logo00-300x82.png<\/span>\n\t\t\t\t\t\t<\/span>\n\t\t\t\t<\/span><span class='av-structured-data'  itemprop=\"author\" itemscope=\"itemscope\" itemtype=\"https:\/\/schema.org\/Person\" ><span itemprop='name'>teramed<\/span><\/span><span class='av-structured-data'  itemprop=\"datePublished\" datetime=\"2025-05-30T18:25:38+00:00\" >2025-05-30 18:25:38<\/span><span class='av-structured-data'  itemprop=\"dateModified\" itemtype=\"https:\/\/schema.org\/dateModified\" >2025-05-30 18:25:38<\/span><span class='av-structured-data'  itemprop=\"mainEntityOfPage\" itemtype=\"https:\/\/schema.org\/mainEntityOfPage\" ><span itemprop='name'>Hello world!<\/span><\/span><\/span><\/article><article class=\"post-entry post-entry-type-standard post-entry-3678 post-loop-2 post-parity-even single-big with-slider post-3678 post type-post status-publish format-standard has-post-thumbnail hentry category-palyazatok\"  itemscope=\"itemscope\" itemtype=\"https:\/\/schema.org\/BlogPosting\" ><div class=\"big-preview single-big\"  itemprop=\"image\" itemscope=\"itemscope\" itemtype=\"https:\/\/schema.org\/ImageObject\" ><a href=\"https:\/\/globalsystemservice.hu\/en\/ginop-1-2-16-22-2023-03488\/\"  title=\"MFF-kedvezm\u00e9nyezetti-inf\u00f3blokk-1\" ><img decoding=\"async\" loading=\"lazy\" width=\"845\" height=\"321\" src=\"https:\/\/globalsystemservice.hu\/wp-content\/uploads\/2025\/06\/MFF-kedvezmenyezetti-infoblokk-1-845x321.jpg\" class=\"wp-image-3670 avia-img-lazy-loading-3670 attachment-entry_with_sidebar size-entry_with_sidebar wp-post-image\" alt=\"\" \/><\/a><\/div><div class=\"blog-meta\"><\/div><div class='entry-content-wrapper clearfix standard-content'><header class=\"entry-content-header\" aria-label=\"Post: GINOP-1.2.16-22-2023-03488\"><h2 class='post-title entry-title'  itemprop=\"headline\" ><a href=\"https:\/\/globalsystemservice.hu\/en\/ginop-1-2-16-22-2023-03488\/\" rel=\"bookmark\" title=\"Permanent Link: GINOP-1.2.16-22-2023-03488\">GINOP-1.2.16-22-2023-03488<span class=\"post-format-icon minor-meta\"><\/span><\/a><\/h2><span class=\"post-meta-infos\"><\/span><\/header><div class=\"entry-content\"  itemprop=\"text\" ><div class=\"read-more-link\"><a href=\"https:\/\/globalsystemservice.hu\/en\/ginop-1-2-16-22-2023-03488\/\" class=\"more-link\">Read more<span class='more-link-arrow avia-svg-icon avia-font-svg_entypo-fontello' data-av_svg_icon='right-open-big' data-av_iconset='svg_entypo-fontello'><svg version=\"1.1\" xmlns=\"http:\/\/www.w3.org\/2000\/svg\" width=\"15\" height=\"32\" viewbox=\"0 0 15 32\" preserveaspectratio=\"xMidYMid meet\" role=\"graphics-symbol\" aria-hidden=\"true\">\n<path d=\"M0.416 27.84l11.456-11.84-11.456-11.904q-0.832-0.832 0-1.536 0.832-0.832 1.536 0l12.544 12.608q0.768 0.832 0 1.6l-12.544 12.608q-0.704 0.832-1.536 0-0.832-0.704 0-1.536z\"><\/path>\n<\/svg><\/span><\/a><\/div>\n<\/div><footer class=\"entry-footer\"><\/footer><div class='post_delimiter'><\/div><\/div><div class=\"post_author_timeline\"><\/div><span class='hidden'>\n\t\t\t\t<span class='av-structured-data'  itemprop=\"image\" itemscope=\"itemscope\" itemtype=\"https:\/\/schema.org\/ImageObject\" >\n\t\t\t\t\t\t<span itemprop='url'>https:\/\/globalsystemservice.hu\/wp-content\/uploads\/2025\/06\/MFF-kedvezmenyezetti-infoblokk-1.jpg<\/span>\n\t\t\t\t\t\t<span itemprop='height'>373<\/span>\n\t\t\t\t\t\t<span itemprop='width'>1441<\/span>\n\t\t\t\t<\/span>\n\t\t\t\t<span class='av-structured-data'  itemprop=\"publisher\" itemtype=\"https:\/\/schema.org\/Organization\" itemscope=\"itemscope\" >\n\t\t\t\t\t\t<span itemprop='name'>teramed<\/span>\n\t\t\t\t\t\t<span itemprop='logo' itemscope itemtype='https:\/\/schema.org\/ImageObject'>\n\t\t\t\t\t\t\t<span itemprop='url'>http:\/\/globalsystemservice.hu\/wp-content\/uploads\/2025\/06\/logo00-300x82.png<\/span>\n\t\t\t\t\t\t<\/span>\n\t\t\t\t<\/span><span class='av-structured-data'  itemprop=\"author\" itemscope=\"itemscope\" itemtype=\"https:\/\/schema.org\/Person\" ><span itemprop='name'>teramed<\/span><\/span><span class='av-structured-data'  itemprop=\"datePublished\" datetime=\"2024-03-23T15:48:27+00:00\" >2024-03-23 15:48:27<\/span><span class='av-structured-data'  itemprop=\"dateModified\" itemtype=\"https:\/\/schema.org\/dateModified\" >2025-06-05 02:14:16<\/span><span class='av-structured-data'  itemprop=\"mainEntityOfPage\" itemtype=\"https:\/\/schema.org\/mainEntityOfPage\" ><span itemprop='name'>GINOP-1.2.16-22-2023-03488<\/span><\/span><\/span><\/article><article class=\"post-entry post-entry-type-standard post-entry-3672 post-loop-3 post-parity-odd single-big with-slider post-3672 post type-post status-publish format-standard has-post-thumbnail hentry category-palyazatok\"  itemscope=\"itemscope\" itemtype=\"https:\/\/schema.org\/BlogPosting\" ><div class=\"big-preview single-big\"  itemprop=\"image\" itemscope=\"itemscope\" itemtype=\"https:\/\/schema.org\/ImageObject\" ><a href=\"https:\/\/globalsystemservice.hu\/en\/ginop-plusz-2-1-1-21-2022-00065\/\"  title=\"MFF-kedvezm\u00e9nyezetti-inf\u00f3blokk-1\" ><img decoding=\"async\" loading=\"lazy\" width=\"845\" height=\"321\" src=\"https:\/\/globalsystemservice.hu\/wp-content\/uploads\/2025\/06\/MFF-kedvezmenyezetti-infoblokk-1-845x321.jpg\" class=\"wp-image-3670 avia-img-lazy-loading-3670 attachment-entry_with_sidebar size-entry_with_sidebar wp-post-image\" alt=\"\" \/><\/a><\/div><div class=\"blog-meta\"><\/div><div class='entry-content-wrapper clearfix standard-content'><header class=\"entry-content-header\" aria-label=\"Post: GINOP PLUSZ-2.1.1-21-2022-00065\"><h2 class='post-title entry-title'  itemprop=\"headline\" ><a href=\"https:\/\/globalsystemservice.hu\/en\/ginop-plusz-2-1-1-21-2022-00065\/\" rel=\"bookmark\" title=\"Permanent Link: GINOP PLUSZ-2.1.1-21-2022-00065\">GINOP PLUSZ-2.1.1-21-2022-00065<span class=\"post-format-icon minor-meta\"><\/span><\/a><\/h2><span class=\"post-meta-infos\"><\/span><\/header><div class=\"entry-content\"  itemprop=\"text\" ><div class=\"read-more-link\"><a href=\"https:\/\/globalsystemservice.hu\/en\/ginop-plusz-2-1-1-21-2022-00065\/\" class=\"more-link\">Read more<span class='more-link-arrow avia-svg-icon avia-font-svg_entypo-fontello' data-av_svg_icon='right-open-big' data-av_iconset='svg_entypo-fontello'><svg version=\"1.1\" xmlns=\"http:\/\/www.w3.org\/2000\/svg\" width=\"15\" height=\"32\" viewbox=\"0 0 15 32\" preserveaspectratio=\"xMidYMid meet\" role=\"graphics-symbol\" aria-hidden=\"true\">\n<path d=\"M0.416 27.84l11.456-11.84-11.456-11.904q-0.832-0.832 0-1.536 0.832-0.832 1.536 0l12.544 12.608q0.768 0.832 0 1.6l-12.544 12.608q-0.704 0.832-1.536 0-0.832-0.704 0-1.536z\"><\/path>\n<\/svg><\/span><\/a><\/div>\n<\/div><footer class=\"entry-footer\"><\/footer><div class='post_delimiter'><\/div><\/div><div class=\"post_author_timeline\"><\/div><span class='hidden'>\n\t\t\t\t<span class='av-structured-data'  itemprop=\"image\" itemscope=\"itemscope\" itemtype=\"https:\/\/schema.org\/ImageObject\" >\n\t\t\t\t\t\t<span itemprop='url'>https:\/\/globalsystemservice.hu\/wp-content\/uploads\/2025\/06\/MFF-kedvezmenyezetti-infoblokk-1.jpg<\/span>\n\t\t\t\t\t\t<span itemprop='height'>373<\/span>\n\t\t\t\t\t\t<span itemprop='width'>1441<\/span>\n\t\t\t\t<\/span>\n\t\t\t\t<span class='av-structured-data'  itemprop=\"publisher\" itemtype=\"https:\/\/schema.org\/Organization\" itemscope=\"itemscope\" >\n\t\t\t\t\t\t<span itemprop='name'>teramed<\/span>\n\t\t\t\t\t\t<span itemprop='logo' itemscope itemtype='https:\/\/schema.org\/ImageObject'>\n\t\t\t\t\t\t\t<span itemprop='url'>http:\/\/globalsystemservice.hu\/wp-content\/uploads\/2025\/06\/logo00-300x82.png<\/span>\n\t\t\t\t\t\t<\/span>\n\t\t\t\t<\/span><span class='av-structured-data'  itemprop=\"author\" itemscope=\"itemscope\" itemtype=\"https:\/\/schema.org\/Person\" ><span itemprop='name'>teramed<\/span><\/span><span class='av-structured-data'  itemprop=\"datePublished\" datetime=\"2023-08-24T16:39:04+00:00\" >2023-08-24 16:39:04<\/span><span class='av-structured-data'  itemprop=\"dateModified\" itemtype=\"https:\/\/schema.org\/dateModified\" >2025-06-05 08:13:23<\/span><span class='av-structured-data'  itemprop=\"mainEntityOfPage\" itemtype=\"https:\/\/schema.org\/mainEntityOfPage\" ><span itemprop='name'>GINOP PLUSZ-2.1.1-21-2022-00065<\/span><\/span><\/span><\/article><article class=\"post-entry post-entry-type-standard post-entry-3766 post-loop-4 post-parity-even single-big  post-3766 post type-post status-publish format-standard hentry category-uncategorized\"  itemscope=\"itemscope\" itemtype=\"https:\/\/schema.org\/BlogPosting\" ><div class=\"blog-meta\"><\/div><div class='entry-content-wrapper clearfix standard-content'><header class=\"entry-content-header\" aria-label=\"Post: Adatv\u00e9delmi t\u00e1j\u00e9koztat\u00f3\"><h2 class='post-title entry-title'  itemprop=\"headline\" ><a href=\"https:\/\/globalsystemservice.hu\/en\/adatvedelmi-tajekoztato\/\" rel=\"bookmark\" title=\"Permanent Link: Adatv\u00e9delmi t\u00e1j\u00e9koztat\u00f3\">Adatv\u00e9delmi t\u00e1j\u00e9koztat\u00f3<span class=\"post-format-icon minor-meta\"><\/span><\/a><\/h2><span class=\"post-meta-infos\"><\/span><\/header><div class=\"entry-content\"  itemprop=\"text\" ><div class=\"read-more-link\"><a href=\"https:\/\/globalsystemservice.hu\/en\/adatvedelmi-tajekoztato\/\" class=\"more-link\">Read more<span class='more-link-arrow avia-svg-icon avia-font-svg_entypo-fontello' data-av_svg_icon='right-open-big' data-av_iconset='svg_entypo-fontello'><svg version=\"1.1\" xmlns=\"http:\/\/www.w3.org\/2000\/svg\" width=\"15\" height=\"32\" viewbox=\"0 0 15 32\" preserveaspectratio=\"xMidYMid meet\" role=\"graphics-symbol\" aria-hidden=\"true\">\n<path d=\"M0.416 27.84l11.456-11.84-11.456-11.904q-0.832-0.832 0-1.536 0.832-0.832 1.536 0l12.544 12.608q0.768 0.832 0 1.6l-12.544 12.608q-0.704 0.832-1.536 0-0.832-0.704 0-1.536z\"><\/path>\n<\/svg><\/span><\/a><\/div>\n<\/div><footer class=\"entry-footer\"><\/footer><div class='post_delimiter'><\/div><\/div><div class=\"post_author_timeline\"><\/div><span class='hidden'>\n\t\t\t\t<span class='av-structured-data'  itemprop=\"image\" itemscope=\"itemscope\" itemtype=\"https:\/\/schema.org\/ImageObject\" >\n\t\t\t\t\t\t<span itemprop='url'>http:\/\/globalsystemservice.hu\/wp-content\/uploads\/2025\/06\/logo00-300x82.png<\/span>\n\t\t\t\t\t\t<span itemprop='height'>0<\/span>\n\t\t\t\t\t\t<span itemprop='width'>0<\/span>\n\t\t\t\t<\/span>\n\t\t\t\t<span class='av-structured-data'  itemprop=\"publisher\" itemtype=\"https:\/\/schema.org\/Organization\" itemscope=\"itemscope\" >\n\t\t\t\t\t\t<span itemprop='name'>teramed<\/span>\n\t\t\t\t\t\t<span itemprop='logo' itemscope itemtype='https:\/\/schema.org\/ImageObject'>\n\t\t\t\t\t\t\t<span itemprop='url'>http:\/\/globalsystemservice.hu\/wp-content\/uploads\/2025\/06\/logo00-300x82.png<\/span>\n\t\t\t\t\t\t<\/span>\n\t\t\t\t<\/span><span class='av-structured-data'  itemprop=\"author\" itemscope=\"itemscope\" itemtype=\"https:\/\/schema.org\/Person\" ><span itemprop='name'>teramed<\/span><\/span><span class='av-structured-data'  itemprop=\"datePublished\" datetime=\"2023-06-05T15:06:00+00:00\" >2023-06-05 15:06:00<\/span><span class='av-structured-data'  itemprop=\"dateModified\" itemtype=\"https:\/\/schema.org\/dateModified\" >2025-06-05 15:08:17<\/span><span class='av-structured-data'  itemprop=\"mainEntityOfPage\" itemtype=\"https:\/\/schema.org\/mainEntityOfPage\" ><span itemprop='name'>Adatv\u00e9delmi t\u00e1j\u00e9koztat\u00f3<\/span><\/span><\/span><\/article><article class=\"post-entry post-entry-type-standard post-entry-3754 post-loop-5 post-parity-odd single-big  post-3754 post type-post status-publish format-standard hentry category-uncategorized\"  itemscope=\"itemscope\" itemtype=\"https:\/\/schema.org\/BlogPosting\" ><div class=\"blog-meta\"><\/div><div class='entry-content-wrapper clearfix standard-content'><header class=\"entry-content-header\" aria-label=\"Post: Es\u00e9lyegyenl\u0151s\u00e9gi nyilatkozat\"><h2 class='post-title entry-title'  itemprop=\"headline\" ><a href=\"https:\/\/globalsystemservice.hu\/en\/eselyegyenlosegi-nyilatkozat\/\" rel=\"bookmark\" title=\"Permanent Link: Es\u00e9lyegyenl\u0151s\u00e9gi nyilatkozat\">Equal Opportunity Statement<span class=\"post-format-icon minor-meta\"><\/span><\/a><\/h2><span class=\"post-meta-infos\"><\/span><\/header><div class=\"entry-content\"  itemprop=\"text\" ><div class=\"read-more-link\"><a href=\"https:\/\/globalsystemservice.hu\/en\/eselyegyenlosegi-nyilatkozat\/\" class=\"more-link\">Read more<span class='more-link-arrow avia-svg-icon avia-font-svg_entypo-fontello' data-av_svg_icon='right-open-big' data-av_iconset='svg_entypo-fontello'><svg version=\"1.1\" xmlns=\"http:\/\/www.w3.org\/2000\/svg\" width=\"15\" height=\"32\" viewbox=\"0 0 15 32\" preserveaspectratio=\"xMidYMid meet\" role=\"graphics-symbol\" aria-hidden=\"true\">\n<path d=\"M0.416 27.84l11.456-11.84-11.456-11.904q-0.832-0.832 0-1.536 0.832-0.832 1.536 0l12.544 12.608q0.768 0.832 0 1.6l-12.544 12.608q-0.704 0.832-1.536 0-0.832-0.704 0-1.536z\"><\/path>\n<\/svg><\/span><\/a><\/div>\n<\/div><footer class=\"entry-footer\"><\/footer><div class='post_delimiter'><\/div><\/div><div class=\"post_author_timeline\"><\/div><span class='hidden'>\n\t\t\t\t<span class='av-structured-data'  itemprop=\"image\" itemscope=\"itemscope\" itemtype=\"https:\/\/schema.org\/ImageObject\" >\n\t\t\t\t\t\t<span itemprop='url'>http:\/\/globalsystemservice.hu\/wp-content\/uploads\/2025\/06\/logo00-300x82.png<\/span>\n\t\t\t\t\t\t<span itemprop='height'>0<\/span>\n\t\t\t\t\t\t<span itemprop='width'>0<\/span>\n\t\t\t\t<\/span>\n\t\t\t\t<span class='av-structured-data'  itemprop=\"publisher\" itemtype=\"https:\/\/schema.org\/Organization\" itemscope=\"itemscope\" >\n\t\t\t\t\t\t<span itemprop='name'>teramed<\/span>\n\t\t\t\t\t\t<span itemprop='logo' itemscope itemtype='https:\/\/schema.org\/ImageObject'>\n\t\t\t\t\t\t\t<span itemprop='url'>http:\/\/globalsystemservice.hu\/wp-content\/uploads\/2025\/06\/logo00-300x82.png<\/span>\n\t\t\t\t\t\t<\/span>\n\t\t\t\t<\/span><span class='av-structured-data'  itemprop=\"author\" itemscope=\"itemscope\" itemtype=\"https:\/\/schema.org\/Person\" ><span itemprop='name'>teramed<\/span><\/span><span class='av-structured-data'  itemprop=\"datePublished\" datetime=\"2023-03-17T08:24:00+00:00\" >2023-03-17 08:24:00<\/span><span class='av-structured-data'  itemprop=\"dateModified\" itemtype=\"https:\/\/schema.org\/dateModified\" >2025-06-05 15:09:13<\/span><span class='av-structured-data'  itemprop=\"mainEntityOfPage\" itemtype=\"https:\/\/schema.org\/mainEntityOfPage\" ><span itemprop='name'>Equal Opportunity Statement<\/span><\/span><\/span><\/article><article class=\"post-entry post-entry-type-standard post-entry-3693 post-loop-6 post-parity-even post-entry-last single-big with-slider post-3693 post type-post status-publish format-standard has-post-thumbnail hentry category-palyazatok\"  itemscope=\"itemscope\" itemtype=\"https:\/\/schema.org\/BlogPosting\" ><div class=\"big-preview single-big\"  itemprop=\"image\" itemscope=\"itemscope\" itemtype=\"https:\/\/schema.org\/ImageObject\" ><a href=\"https:\/\/globalsystemservice.hu\/en\/2020-1-1-1-kkv-start-2020-00067\/\"  title=\"Print\" ><img decoding=\"async\" loading=\"lazy\" width=\"300\" height=\"70\" src=\"https:\/\/globalsystemservice.hu\/wp-content\/uploads\/2025\/06\/NKFIA_infoblokk_projekt_fekvo_2019_HU-300x70-1.jpg\" class=\"wp-image-3696 avia-img-lazy-loading-3696 attachment-entry_with_sidebar size-entry_with_sidebar wp-post-image\" alt=\"\" srcset=\"https:\/\/globalsystemservice.hu\/wp-content\/uploads\/2025\/06\/NKFIA_infoblokk_projekt_fekvo_2019_HU-300x70-1.jpg 300w, https:\/\/globalsystemservice.hu\/wp-content\/uploads\/2025\/06\/NKFIA_infoblokk_projekt_fekvo_2019_HU-300x70-1-18x4.jpg 18w\" sizes=\"auto, (max-width: 300px) 100vw, 300px\" \/><\/a><\/div><div class=\"blog-meta\"><\/div><div class='entry-content-wrapper clearfix standard-content'><header class=\"entry-content-header\" aria-label=\"Post: 2020-1.1.1-KKV-START-2020-00067\"><h2 class='post-title entry-title'  itemprop=\"headline\" ><a href=\"https:\/\/globalsystemservice.hu\/en\/2020-1-1-1-kkv-start-2020-00067\/\" rel=\"bookmark\" title=\"Permanent Link: 2020-1.1.1-KKV-START-2020-00067\">2020-1.1.1-KKV-START-2020-00067<span class=\"post-format-icon minor-meta\"><\/span><\/a><\/h2><span class=\"post-meta-infos\"><\/span><\/header><div class=\"entry-content\"  itemprop=\"text\" ><div class=\"read-more-link\"><a href=\"https:\/\/globalsystemservice.hu\/en\/2020-1-1-1-kkv-start-2020-00067\/\" class=\"more-link\">Read more<span class='more-link-arrow avia-svg-icon avia-font-svg_entypo-fontello' data-av_svg_icon='right-open-big' data-av_iconset='svg_entypo-fontello'><svg version=\"1.1\" xmlns=\"http:\/\/www.w3.org\/2000\/svg\" width=\"15\" height=\"32\" viewbox=\"0 0 15 32\" preserveaspectratio=\"xMidYMid meet\" role=\"graphics-symbol\" aria-hidden=\"true\">\n<path d=\"M0.416 27.84l11.456-11.84-11.456-11.904q-0.832-0.832 0-1.536 0.832-0.832 1.536 0l12.544 12.608q0.768 0.832 0 1.6l-12.544 12.608q-0.704 0.832-1.536 0-0.832-0.704 0-1.536z\"><\/path>\n<\/svg><\/span><\/a><\/div>\n<\/div><footer class=\"entry-footer\"><\/footer><div class='post_delimiter'><\/div><\/div><div class=\"post_author_timeline\"><\/div><span class='hidden'>\n\t\t\t\t<span class='av-structured-data'  itemprop=\"image\" itemscope=\"itemscope\" itemtype=\"https:\/\/schema.org\/ImageObject\" >\n\t\t\t\t\t\t<span itemprop='url'>https:\/\/globalsystemservice.hu\/wp-content\/uploads\/2025\/06\/NKFIA_infoblokk_projekt_fekvo_2019_HU-300x70-1.jpg<\/span>\n\t\t\t\t\t\t<span itemprop='height'>70<\/span>\n\t\t\t\t\t\t<span itemprop='width'>300<\/span>\n\t\t\t\t<\/span>\n\t\t\t\t<span class='av-structured-data'  itemprop=\"publisher\" itemtype=\"https:\/\/schema.org\/Organization\" itemscope=\"itemscope\" >\n\t\t\t\t\t\t<span itemprop='name'>teramed<\/span>\n\t\t\t\t\t\t<span itemprop='logo' itemscope itemtype='https:\/\/schema.org\/ImageObject'>\n\t\t\t\t\t\t\t<span itemprop='url'>http:\/\/globalsystemservice.hu\/wp-content\/uploads\/2025\/06\/logo00-300x82.png<\/span>\n\t\t\t\t\t\t<\/span>\n\t\t\t\t<\/span><span class='av-structured-data'  itemprop=\"author\" itemscope=\"itemscope\" itemtype=\"https:\/\/schema.org\/Person\" ><span itemprop='name'>teramed<\/span><\/span><span class='av-structured-data'  itemprop=\"datePublished\" datetime=\"2022-02-11T13:05:59+00:00\" >2022-02-11 13:05:59<\/span><span class='av-structured-data'  itemprop=\"dateModified\" itemtype=\"https:\/\/schema.org\/dateModified\" >2025-06-05 02:15:43<\/span><span class='av-structured-data'  itemprop=\"mainEntityOfPage\" itemtype=\"https:\/\/schema.org\/mainEntityOfPage\" ><span itemprop='name'>2020-1.1.1-KKV-START-2020-00067<\/span><\/span><\/span><\/article><div class='single-big'><nav class='pagination'><span class='pagination-meta'>Page 1 of 4<\/span><span class='current'>1<\/span><a href='https:\/\/globalsystemservice.hu\/en\/wp-json\/wp\/v2\/pages\/1016\/page\/2\/' class='inactive next_page' >2<\/a><a href='https:\/\/globalsystemservice.hu\/en\/wp-json\/wp\/v2\/pages\/1016\/page\/3\/' class='inactive' >3<\/a><a href='https:\/\/globalsystemservice.hu\/en\/wp-json\/wp\/v2\/pages\/1016\/page\/4\/' class='inactive' >4<\/a><\/nav>\n<\/div><\/div>","protected":false},"excerpt":{"rendered":"","protected":false},"author":1,"featured_media":0,"parent":731,"menu_order":0,"comment_status":"open","ping_status":"open","template":"","meta":{"footnotes":""},"class_list":["post-1016","page","type-page","status-publish","hentry"],"jetpack_sharing_enabled":true,"_links":{"self":[{"href":"https:\/\/globalsystemservice.hu\/en\/wp-json\/wp\/v2\/pages\/1016","targetHints":{"allow":["GET"]}}],"collection":[{"href":"https:\/\/globalsystemservice.hu\/en\/wp-json\/wp\/v2\/pages"}],"about":[{"href":"https:\/\/globalsystemservice.hu\/en\/wp-json\/wp\/v2\/types\/page"}],"author":[{"embeddable":true,"href":"https:\/\/globalsystemservice.hu\/en\/wp-json\/wp\/v2\/users\/1"}],"replies":[{"embeddable":true,"href":"https:\/\/globalsystemservice.hu\/en\/wp-json\/wp\/v2\/comments?post=1016"}],"version-history":[{"count":0,"href":"https:\/\/globalsystemservice.hu\/en\/wp-json\/wp\/v2\/pages\/1016\/revisions"}],"up":[{"embeddable":true,"href":"https:\/\/globalsystemservice.hu\/en\/wp-json\/wp\/v2\/pages\/731"}],"wp:attachment":[{"href":"https:\/\/globalsystemservice.hu\/en\/wp-json\/wp\/v2\/media?parent=1016"}],"curies":[{"name":"wp","href":"https:\/\/api.w.org\/{rel}","templated":true}]}}